{"id":398,"date":"2026-02-23T09:50:01","date_gmt":"2026-02-23T09:50:01","guid":{"rendered":"https:\/\/wurmloch.space\/?page_id=398"},"modified":"2026-02-23T09:52:55","modified_gmt":"2026-02-23T09:52:55","slug":"peters-beine","status":"publish","type":"page","link":"https:\/\/wurmloch.space\/index.php\/peters-beine\/","title":{"rendered":"Peters beine"},"content":{"rendered":"\n<figure class=\"wp-block-image aligncenter size-large\"><img loading=\"lazy\" decoding=\"async\" width=\"1024\" height=\"683\" src=\"https:\/\/wurmloch.space\/wp-content\/uploads\/2025\/12\/Peters-Beine-mit-Logo-Lineup-2026-1024x683.jpg\" alt=\"Peters Beine mit Logo 2026\" class=\"wp-image-318\" srcset=\"https:\/\/wurmloch.space\/wp-content\/uploads\/2025\/12\/Peters-Beine-mit-Logo-Lineup-2026-1024x683.jpg 1024w, https:\/\/wurmloch.space\/wp-content\/uploads\/2025\/12\/Peters-Beine-mit-Logo-Lineup-2026-300x200.jpg 300w, https:\/\/wurmloch.space\/wp-content\/uploads\/2025\/12\/Peters-Beine-mit-Logo-Lineup-2026-768x512.jpg 768w, https:\/\/wurmloch.space\/wp-content\/uploads\/2025\/12\/Peters-Beine-mit-Logo-Lineup-2026.jpg 1400w\" sizes=\"auto, (max-width: 1024px) 100vw, 1024px\" \/><\/figure>\n\n\n\n<div style=\"height:50px\" aria-hidden=\"true\" class=\"wp-block-spacer\"><\/div>\n\n\n\n<h1 class=\"wp-block-heading\" style=\"border-style:none;border-width:0px;margin-right:var(--wp--preset--spacing--80);margin-left:var(--wp--preset--spacing--80)\">Peters Beine<\/h1>\n\n\n\n<div style=\"height:50px\" aria-hidden=\"true\" class=\"wp-block-spacer\"><\/div>\n\n\n\n<p style=\"margin-right:var(--wp--preset--spacing--80);margin-left:var(--wp--preset--spacing--80)\">Peters Beine stehen nicht nur auf der handverlesenen Playlist von Olli Schulz &amp; Jan B\u00f6hmermann \u2013 sie stehen vor allem f\u00fcr Musik mit Inhalt. <\/p>\n\n\n\n<p style=\"margin-right:var(--wp--preset--spacing--80);margin-left:var(--wp--preset--spacing--80)\"><\/p>\n\n\n\n<p style=\"margin-right:var(--wp--preset--spacing--80);margin-left:var(--wp--preset--spacing--80)\">Deutsche Texte, weil der Weg vom Herz \u00fcbers Hirn bis zum Mikrofon so einfach k\u00fcrzer ist.<\/p>\n\n\n\n<p><\/p>\n\n\n\n<p style=\"margin-right:var(--wp--preset--spacing--80);margin-left:var(--wp--preset--spacing--80)\">Geografisch kommen die Jungs aus halb Norddeutschland und sind inhaltlich genau da, wo wir sie lieben: ehrlich, nahbar, klug.<\/p>\n\n\n\n<p><\/p>\n\n\n\n<p style=\"margin-right:var(--wp--preset--spacing--80);margin-left:var(--wp--preset--spacing--80)\">Mit ihrer Mucke l\u00e4sst sich perfekt unterm Sternenhimmel dancen. <\/p>\n\n\n\n<div style=\"height:50px\" aria-hidden=\"true\" class=\"wp-block-spacer\"><\/div>\n\n\n\n<p><\/p>\n\n\n\n<p style=\"margin-right:var(--wp--preset--spacing--80);margin-left:var(--wp--preset--spacing--80)\"><a href=\"https:\/\/petersbeine.de\">WEBSITE<\/a> <a href=\"https:\/\/www.instagram.com\/petersbeine\/?hl=en\">Instagram<\/a><\/p>\n\n\n\n<p><\/p>\n","protected":false},"excerpt":{"rendered":"<p>Peters Beine Peters Beine stehen nicht nur auf der handverlesenen Playlist von Olli Schulz &amp; Jan B\u00f6hmermann \u2013 sie stehen vor allem f\u00fcr Musik mit Inhalt. Deutsche Texte, weil der Weg vom Herz \u00fcbers Hirn bis zum Mikrofon so einfach k\u00fcrzer ist. Geografisch kommen die Jungs aus halb Norddeutschland und sind inhaltlich genau da, wo [&hellip;]<\/p>\n","protected":false},"author":1,"featured_media":0,"parent":0,"menu_order":0,"comment_status":"closed","ping_status":"closed","template":"anderer-header","meta":{"_vp_format_video_url":"","_vp_image_focal_point":[],"footnotes":""},"class_list":["post-398","page","type-page","status-publish","hentry"],"yoast_head":"<!-- This site is optimized with the Yoast SEO plugin v27.4 - https:\/\/yoast.com\/product\/yoast-seo-wordpress\/ -->\n<title>Peters beine - Wurmloch<\/title>\n<meta name=\"description\" content=\"Deutsche Texte, weil der Weg vom Herz \u00fcbers Hirn bis zum Mikrofon so einfach k\u00fcrzer ist. Peters Beine kommen zum Wurmloch Festival nach Dithmarschen!\" \/>\n<meta name=\"robots\" content=\"index, follow, max-snippet:-1, max-image-preview:large, max-video-preview:-1\" \/>\n<link rel=\"canonical\" href=\"https:\/\/wurmloch.space\/index.php\/peters-beine\/\" \/>\n<meta property=\"og:locale\" content=\"de_DE\" \/>\n<meta property=\"og:type\" content=\"article\" \/>\n<meta property=\"og:title\" content=\"Peters beine - Wurmloch\" \/>\n<meta property=\"og:description\" content=\"Deutsche Texte, weil der Weg vom Herz \u00fcbers Hirn bis zum Mikrofon so einfach k\u00fcrzer ist. Peters Beine kommen zum Wurmloch Festival nach Dithmarschen!\" \/>\n<meta property=\"og:url\" content=\"https:\/\/wurmloch.space\/index.php\/peters-beine\/\" \/>\n<meta property=\"og:site_name\" content=\"Wurmloch\" \/>\n<meta property=\"article:modified_time\" content=\"2026-02-23T09:52:55+00:00\" \/>\n<meta property=\"og:image\" content=\"https:\/\/wurmloch.space\/wp-content\/uploads\/2025\/12\/Peters-Beine-mit-Logo-Lineup-2026.jpg\" \/>\n\t<meta property=\"og:image:width\" content=\"1400\" \/>\n\t<meta property=\"og:image:height\" content=\"934\" \/>\n\t<meta property=\"og:image:type\" content=\"image\/jpeg\" \/>\n<meta name=\"twitter:card\" content=\"summary_large_image\" \/>\n<meta name=\"twitter:label1\" content=\"Gesch\u00e4tzte Lesezeit\" \/>\n\t<meta name=\"twitter:data1\" content=\"1\u00a0Minute\" \/>\n<script type=\"application\/ld+json\" class=\"yoast-schema-graph\">{\"@context\":\"https:\\\/\\\/schema.org\",\"@graph\":[{\"@type\":\"WebPage\",\"@id\":\"https:\\\/\\\/wurmloch.space\\\/index.php\\\/peters-beine\\\/\",\"url\":\"https:\\\/\\\/wurmloch.space\\\/index.php\\\/peters-beine\\\/\",\"name\":\"Peters beine - Wurmloch\",\"isPartOf\":{\"@id\":\"https:\\\/\\\/wurmloch.space\\\/#website\"},\"primaryImageOfPage\":{\"@id\":\"https:\\\/\\\/wurmloch.space\\\/index.php\\\/peters-beine\\\/#primaryimage\"},\"image\":{\"@id\":\"https:\\\/\\\/wurmloch.space\\\/index.php\\\/peters-beine\\\/#primaryimage\"},\"thumbnailUrl\":\"https:\\\/\\\/wurmloch.space\\\/wp-content\\\/uploads\\\/2025\\\/12\\\/Peters-Beine-mit-Logo-Lineup-2026-1024x683.jpg\",\"datePublished\":\"2026-02-23T09:50:01+00:00\",\"dateModified\":\"2026-02-23T09:52:55+00:00\",\"description\":\"Deutsche Texte, weil der Weg vom Herz \u00fcbers Hirn bis zum Mikrofon so einfach k\u00fcrzer ist. Peters Beine kommen zum Wurmloch Festival nach Dithmarschen!\",\"breadcrumb\":{\"@id\":\"https:\\\/\\\/wurmloch.space\\\/index.php\\\/peters-beine\\\/#breadcrumb\"},\"inLanguage\":\"de\",\"potentialAction\":[{\"@type\":\"ReadAction\",\"target\":[\"https:\\\/\\\/wurmloch.space\\\/index.php\\\/peters-beine\\\/\"]}]},{\"@type\":\"ImageObject\",\"inLanguage\":\"de\",\"@id\":\"https:\\\/\\\/wurmloch.space\\\/index.php\\\/peters-beine\\\/#primaryimage\",\"url\":\"https:\\\/\\\/wurmloch.space\\\/wp-content\\\/uploads\\\/2025\\\/12\\\/Peters-Beine-mit-Logo-Lineup-2026.jpg\",\"contentUrl\":\"https:\\\/\\\/wurmloch.space\\\/wp-content\\\/uploads\\\/2025\\\/12\\\/Peters-Beine-mit-Logo-Lineup-2026.jpg\",\"width\":1400,\"height\":934,\"caption\":\"Peters Beine mit Logo 2026\"},{\"@type\":\"BreadcrumbList\",\"@id\":\"https:\\\/\\\/wurmloch.space\\\/index.php\\\/peters-beine\\\/#breadcrumb\",\"itemListElement\":[{\"@type\":\"ListItem\",\"position\":1,\"name\":\"Startseite\",\"item\":\"https:\\\/\\\/wurmloch.space\\\/\"},{\"@type\":\"ListItem\",\"position\":2,\"name\":\"Peters beine\"}]},{\"@type\":\"WebSite\",\"@id\":\"https:\\\/\\\/wurmloch.space\\\/#website\",\"url\":\"https:\\\/\\\/wurmloch.space\\\/\",\"name\":\"Wurmloch Festival\",\"description\":\"\",\"publisher\":{\"@id\":\"https:\\\/\\\/wurmloch.space\\\/#organization\"},\"alternateName\":\"Wurmloch Festival in Dithmarschen\",\"potentialAction\":[{\"@type\":\"SearchAction\",\"target\":{\"@type\":\"EntryPoint\",\"urlTemplate\":\"https:\\\/\\\/wurmloch.space\\\/?s={search_term_string}\"},\"query-input\":{\"@type\":\"PropertyValueSpecification\",\"valueRequired\":true,\"valueName\":\"search_term_string\"}}],\"inLanguage\":\"de\"},{\"@type\":\"Organization\",\"@id\":\"https:\\\/\\\/wurmloch.space\\\/#organization\",\"name\":\"Wurmloch Festival\",\"url\":\"https:\\\/\\\/wurmloch.space\\\/\",\"logo\":{\"@type\":\"ImageObject\",\"inLanguage\":\"de\",\"@id\":\"https:\\\/\\\/wurmloch.space\\\/#\\\/schema\\\/logo\\\/image\\\/\",\"url\":\"https:\\\/\\\/wurmloch.space\\\/wp-content\\\/uploads\\\/2025\\\/12\\\/Wurmloch-Logo-glatte-Konturen-rgb.png\",\"contentUrl\":\"https:\\\/\\\/wurmloch.space\\\/wp-content\\\/uploads\\\/2025\\\/12\\\/Wurmloch-Logo-glatte-Konturen-rgb.png\",\"width\":1910,\"height\":474,\"caption\":\"Wurmloch Festival\"},\"image\":{\"@id\":\"https:\\\/\\\/wurmloch.space\\\/#\\\/schema\\\/logo\\\/image\\\/\"},\"sameAs\":[\"https:\\\/\\\/www.instagram.com\\\/wurmlochfestival\\\/\"]}]}<\/script>\n<!-- \/ Yoast SEO plugin. -->","yoast_head_json":{"title":"Peters beine - Wurmloch","description":"Deutsche Texte, weil der Weg vom Herz \u00fcbers Hirn bis zum Mikrofon so einfach k\u00fcrzer ist. Peters Beine kommen zum Wurmloch Festival nach Dithmarschen!","robots":{"index":"index","follow":"follow","max-snippet":"max-snippet:-1","max-image-preview":"max-image-preview:large","max-video-preview":"max-video-preview:-1"},"canonical":"https:\/\/wurmloch.space\/index.php\/peters-beine\/","og_locale":"de_DE","og_type":"article","og_title":"Peters beine - Wurmloch","og_description":"Deutsche Texte, weil der Weg vom Herz \u00fcbers Hirn bis zum Mikrofon so einfach k\u00fcrzer ist. Peters Beine kommen zum Wurmloch Festival nach Dithmarschen!","og_url":"https:\/\/wurmloch.space\/index.php\/peters-beine\/","og_site_name":"Wurmloch","article_modified_time":"2026-02-23T09:52:55+00:00","og_image":[{"width":1400,"height":934,"url":"https:\/\/wurmloch.space\/wp-content\/uploads\/2025\/12\/Peters-Beine-mit-Logo-Lineup-2026.jpg","type":"image\/jpeg"}],"twitter_card":"summary_large_image","twitter_misc":{"Gesch\u00e4tzte Lesezeit":"1\u00a0Minute"},"schema":{"@context":"https:\/\/schema.org","@graph":[{"@type":"WebPage","@id":"https:\/\/wurmloch.space\/index.php\/peters-beine\/","url":"https:\/\/wurmloch.space\/index.php\/peters-beine\/","name":"Peters beine - Wurmloch","isPartOf":{"@id":"https:\/\/wurmloch.space\/#website"},"primaryImageOfPage":{"@id":"https:\/\/wurmloch.space\/index.php\/peters-beine\/#primaryimage"},"image":{"@id":"https:\/\/wurmloch.space\/index.php\/peters-beine\/#primaryimage"},"thumbnailUrl":"https:\/\/wurmloch.space\/wp-content\/uploads\/2025\/12\/Peters-Beine-mit-Logo-Lineup-2026-1024x683.jpg","datePublished":"2026-02-23T09:50:01+00:00","dateModified":"2026-02-23T09:52:55+00:00","description":"Deutsche Texte, weil der Weg vom Herz \u00fcbers Hirn bis zum Mikrofon so einfach k\u00fcrzer ist. Peters Beine kommen zum Wurmloch Festival nach Dithmarschen!","breadcrumb":{"@id":"https:\/\/wurmloch.space\/index.php\/peters-beine\/#breadcrumb"},"inLanguage":"de","potentialAction":[{"@type":"ReadAction","target":["https:\/\/wurmloch.space\/index.php\/peters-beine\/"]}]},{"@type":"ImageObject","inLanguage":"de","@id":"https:\/\/wurmloch.space\/index.php\/peters-beine\/#primaryimage","url":"https:\/\/wurmloch.space\/wp-content\/uploads\/2025\/12\/Peters-Beine-mit-Logo-Lineup-2026.jpg","contentUrl":"https:\/\/wurmloch.space\/wp-content\/uploads\/2025\/12\/Peters-Beine-mit-Logo-Lineup-2026.jpg","width":1400,"height":934,"caption":"Peters Beine mit Logo 2026"},{"@type":"BreadcrumbList","@id":"https:\/\/wurmloch.space\/index.php\/peters-beine\/#breadcrumb","itemListElement":[{"@type":"ListItem","position":1,"name":"Startseite","item":"https:\/\/wurmloch.space\/"},{"@type":"ListItem","position":2,"name":"Peters beine"}]},{"@type":"WebSite","@id":"https:\/\/wurmloch.space\/#website","url":"https:\/\/wurmloch.space\/","name":"Wurmloch Festival","description":"","publisher":{"@id":"https:\/\/wurmloch.space\/#organization"},"alternateName":"Wurmloch Festival in Dithmarschen","potentialAction":[{"@type":"SearchAction","target":{"@type":"EntryPoint","urlTemplate":"https:\/\/wurmloch.space\/?s={search_term_string}"},"query-input":{"@type":"PropertyValueSpecification","valueRequired":true,"valueName":"search_term_string"}}],"inLanguage":"de"},{"@type":"Organization","@id":"https:\/\/wurmloch.space\/#organization","name":"Wurmloch Festival","url":"https:\/\/wurmloch.space\/","logo":{"@type":"ImageObject","inLanguage":"de","@id":"https:\/\/wurmloch.space\/#\/schema\/logo\/image\/","url":"https:\/\/wurmloch.space\/wp-content\/uploads\/2025\/12\/Wurmloch-Logo-glatte-Konturen-rgb.png","contentUrl":"https:\/\/wurmloch.space\/wp-content\/uploads\/2025\/12\/Wurmloch-Logo-glatte-Konturen-rgb.png","width":1910,"height":474,"caption":"Wurmloch Festival"},"image":{"@id":"https:\/\/wurmloch.space\/#\/schema\/logo\/image\/"},"sameAs":["https:\/\/www.instagram.com\/wurmlochfestival\/"]}]}},"rttpg_featured_image_url":null,"rttpg_author":{"display_name":"admin","author_link":"https:\/\/wurmloch.space\/index.php\/author\/admin\/"},"rttpg_comment":0,"rttpg_category":null,"rttpg_excerpt":"Peters Beine Peters Beine stehen nicht nur auf der handverlesenen Playlist von Olli Schulz &amp; Jan B\u00f6hmermann \u2013 sie stehen vor allem f\u00fcr Musik mit Inhalt. Deutsche Texte, weil der Weg vom Herz \u00fcbers Hirn bis zum Mikrofon so einfach k\u00fcrzer ist. Geografisch kommen die Jungs aus halb Norddeutschland und sind inhaltlich genau da, wo&hellip;","_links":{"self":[{"href":"https:\/\/wurmloch.space\/index.php\/wp-json\/wp\/v2\/pages\/398","targetHints":{"allow":["GET"]}}],"collection":[{"href":"https:\/\/wurmloch.space\/index.php\/wp-json\/wp\/v2\/pages"}],"about":[{"href":"https:\/\/wurmloch.space\/index.php\/wp-json\/wp\/v2\/types\/page"}],"author":[{"embeddable":true,"href":"https:\/\/wurmloch.space\/index.php\/wp-json\/wp\/v2\/users\/1"}],"replies":[{"embeddable":true,"href":"https:\/\/wurmloch.space\/index.php\/wp-json\/wp\/v2\/comments?post=398"}],"version-history":[{"count":2,"href":"https:\/\/wurmloch.space\/index.php\/wp-json\/wp\/v2\/pages\/398\/revisions"}],"predecessor-version":[{"id":400,"href":"https:\/\/wurmloch.space\/index.php\/wp-json\/wp\/v2\/pages\/398\/revisions\/400"}],"wp:attachment":[{"href":"https:\/\/wurmloch.space\/index.php\/wp-json\/wp\/v2\/media?parent=398"}],"curies":[{"name":"wp","href":"https:\/\/api.w.org\/{rel}","templated":true}]}}