{"id":381,"date":"2026-02-23T09:25:37","date_gmt":"2026-02-23T09:25:37","guid":{"rendered":"https:\/\/wurmloch.space\/?page_id=381"},"modified":"2026-02-23T09:38:45","modified_gmt":"2026-02-23T09:38:45","slug":"quiet-girl","status":"publish","type":"page","link":"https:\/\/wurmloch.space\/index.php\/quiet-girl\/","title":{"rendered":"Quiet Girl"},"content":{"rendered":"\n<figure class=\"wp-block-image aligncenter size-full is-resized\"><img loading=\"lazy\" decoding=\"async\" width=\"780\" height=\"540\" src=\"https:\/\/wurmloch.space\/wp-content\/uploads\/2025\/12\/Quiet-GirlLogo-Lineup-2026.jpg\" alt=\"Quiet Girl+Logo-Lineup 2026\" class=\"wp-image-65\" style=\"width:780px;height:auto\" srcset=\"https:\/\/wurmloch.space\/wp-content\/uploads\/2025\/12\/Quiet-GirlLogo-Lineup-2026.jpg 780w, https:\/\/wurmloch.space\/wp-content\/uploads\/2025\/12\/Quiet-GirlLogo-Lineup-2026-300x208.jpg 300w, https:\/\/wurmloch.space\/wp-content\/uploads\/2025\/12\/Quiet-GirlLogo-Lineup-2026-768x532.jpg 768w\" sizes=\"auto, (max-width: 780px) 100vw, 780px\" \/><\/figure>\n\n\n\n<div style=\"height:50px\" aria-hidden=\"true\" class=\"wp-block-spacer\"><\/div>\n\n\n\n<h1 class=\"wp-block-heading\" style=\"border-style:none;border-width:0px;margin-right:var(--wp--preset--spacing--80);margin-left:var(--wp--preset--spacing--80)\">QUIET GIRL<\/h1>\n\n\n\n<div style=\"height:50px\" aria-hidden=\"true\" class=\"wp-block-spacer\"><\/div>\n\n\n\n<p style=\"margin-right:var(--wp--preset--spacing--80);margin-left:var(--wp--preset--spacing--80)\">Quiet Girl aus L\u00fcbeck sind alles andere als leise &#8211; wie sie schon bei der Kieler Woche eindrucksvoll bewiesen haben.<br><br>Die energiegeladene Band l\u00e4sst sich dabei von Vorurteilen und Stereotypen nicht einsch\u00fcchtern und m\u00f6chte mit ihrer Musik junge Frauen inspirieren, f\u00fcr ihre Tr\u00e4ume zu k\u00e4mpfen.<br><br>Lasst uns auf der Alpakawiese zusammen rocken und tr\u00e4umen!&nbsp;<\/p>\n\n\n\n<div style=\"height:50px\" aria-hidden=\"true\" class=\"wp-block-spacer\"><\/div>\n\n\n\n<p><\/p>\n\n\n\n<p style=\"margin-right:var(--wp--preset--spacing--80);margin-left:var(--wp--preset--spacing--80)\"><a href=\"https:\/\/quietgirl.de\">WEBSITE<\/a>   <a href=\"https:\/\/www.instagram.com\/quietgirlband\/?hl=en\">Instagram<\/a><\/p>\n","protected":false},"excerpt":{"rendered":"<p>QUIET GIRL Quiet Girl aus L\u00fcbeck sind alles andere als leise &#8211; wie sie schon bei der Kieler Woche eindrucksvoll bewiesen haben. Die energiegeladene Band l\u00e4sst sich dabei von Vorurteilen und Stereotypen nicht einsch\u00fcchtern und m\u00f6chte mit ihrer Musik junge Frauen inspirieren, f\u00fcr ihre Tr\u00e4ume zu k\u00e4mpfen. Lasst uns auf der Alpakawiese zusammen rocken und [&hellip;]<\/p>\n","protected":false},"author":1,"featured_media":65,"parent":0,"menu_order":0,"comment_status":"closed","ping_status":"closed","template":"anderer-header","meta":{"_vp_format_video_url":"","_vp_image_focal_point":[],"footnotes":""},"class_list":["post-381","page","type-page","status-publish","has-post-thumbnail","hentry"],"yoast_head":"<!-- This site is optimized with the Yoast SEO plugin v27.4 - https:\/\/yoast.com\/product\/yoast-seo-wordpress\/ -->\n<title>Quiet Girl - Wurmloch<\/title>\n<meta name=\"description\" content=\"Quiet Girl aus L\u00fcbeck sind alles andere als leise und bringen in diesem Jahr die Alpakawiese beim Wurmloch Festival zum gl\u00fchen!\" \/>\n<meta name=\"robots\" content=\"index, follow, max-snippet:-1, max-image-preview:large, max-video-preview:-1\" \/>\n<link rel=\"canonical\" href=\"https:\/\/wurmloch.space\/index.php\/quiet-girl\/\" \/>\n<meta property=\"og:locale\" content=\"de_DE\" \/>\n<meta property=\"og:type\" content=\"article\" \/>\n<meta property=\"og:title\" content=\"Quiet Girl - Wurmloch\" \/>\n<meta property=\"og:description\" content=\"Quiet Girl aus L\u00fcbeck sind alles andere als leise und bringen in diesem Jahr die Alpakawiese beim Wurmloch Festival zum gl\u00fchen!\" \/>\n<meta property=\"og:url\" content=\"https:\/\/wurmloch.space\/index.php\/quiet-girl\/\" \/>\n<meta property=\"og:site_name\" content=\"Wurmloch\" \/>\n<meta property=\"article:modified_time\" content=\"2026-02-23T09:38:45+00:00\" \/>\n<meta property=\"og:image\" content=\"https:\/\/wurmloch.space\/wp-content\/uploads\/2025\/12\/Quiet-GirlLogo-Lineup-2026.jpg\" \/>\n\t<meta property=\"og:image:width\" content=\"780\" \/>\n\t<meta property=\"og:image:height\" content=\"540\" \/>\n\t<meta property=\"og:image:type\" content=\"image\/jpeg\" \/>\n<meta name=\"twitter:card\" content=\"summary_large_image\" \/>\n<meta name=\"twitter:label1\" content=\"Gesch\u00e4tzte Lesezeit\" \/>\n\t<meta name=\"twitter:data1\" content=\"1\u00a0Minute\" \/>\n<script type=\"application\/ld+json\" class=\"yoast-schema-graph\">{\"@context\":\"https:\\\/\\\/schema.org\",\"@graph\":[{\"@type\":\"WebPage\",\"@id\":\"https:\\\/\\\/wurmloch.space\\\/index.php\\\/quiet-girl\\\/\",\"url\":\"https:\\\/\\\/wurmloch.space\\\/index.php\\\/quiet-girl\\\/\",\"name\":\"Quiet Girl - Wurmloch\",\"isPartOf\":{\"@id\":\"https:\\\/\\\/wurmloch.space\\\/#website\"},\"primaryImageOfPage\":{\"@id\":\"https:\\\/\\\/wurmloch.space\\\/index.php\\\/quiet-girl\\\/#primaryimage\"},\"image\":{\"@id\":\"https:\\\/\\\/wurmloch.space\\\/index.php\\\/quiet-girl\\\/#primaryimage\"},\"thumbnailUrl\":\"https:\\\/\\\/wurmloch.space\\\/wp-content\\\/uploads\\\/2025\\\/12\\\/Quiet-GirlLogo-Lineup-2026.jpg\",\"datePublished\":\"2026-02-23T09:25:37+00:00\",\"dateModified\":\"2026-02-23T09:38:45+00:00\",\"description\":\"Quiet Girl aus L\u00fcbeck sind alles andere als leise und bringen in diesem Jahr die Alpakawiese beim Wurmloch Festival zum gl\u00fchen!\",\"breadcrumb\":{\"@id\":\"https:\\\/\\\/wurmloch.space\\\/index.php\\\/quiet-girl\\\/#breadcrumb\"},\"inLanguage\":\"de\",\"potentialAction\":[{\"@type\":\"ReadAction\",\"target\":[\"https:\\\/\\\/wurmloch.space\\\/index.php\\\/quiet-girl\\\/\"]}]},{\"@type\":\"ImageObject\",\"inLanguage\":\"de\",\"@id\":\"https:\\\/\\\/wurmloch.space\\\/index.php\\\/quiet-girl\\\/#primaryimage\",\"url\":\"https:\\\/\\\/wurmloch.space\\\/wp-content\\\/uploads\\\/2025\\\/12\\\/Quiet-GirlLogo-Lineup-2026.jpg\",\"contentUrl\":\"https:\\\/\\\/wurmloch.space\\\/wp-content\\\/uploads\\\/2025\\\/12\\\/Quiet-GirlLogo-Lineup-2026.jpg\",\"width\":780,\"height\":540,\"caption\":\"Quiet Girl+Logo-Lineup 2026\"},{\"@type\":\"BreadcrumbList\",\"@id\":\"https:\\\/\\\/wurmloch.space\\\/index.php\\\/quiet-girl\\\/#breadcrumb\",\"itemListElement\":[{\"@type\":\"ListItem\",\"position\":1,\"name\":\"Startseite\",\"item\":\"https:\\\/\\\/wurmloch.space\\\/\"},{\"@type\":\"ListItem\",\"position\":2,\"name\":\"Quiet Girl\"}]},{\"@type\":\"WebSite\",\"@id\":\"https:\\\/\\\/wurmloch.space\\\/#website\",\"url\":\"https:\\\/\\\/wurmloch.space\\\/\",\"name\":\"Wurmloch Festival\",\"description\":\"\",\"publisher\":{\"@id\":\"https:\\\/\\\/wurmloch.space\\\/#organization\"},\"alternateName\":\"Wurmloch Festival in Dithmarschen\",\"potentialAction\":[{\"@type\":\"SearchAction\",\"target\":{\"@type\":\"EntryPoint\",\"urlTemplate\":\"https:\\\/\\\/wurmloch.space\\\/?s={search_term_string}\"},\"query-input\":{\"@type\":\"PropertyValueSpecification\",\"valueRequired\":true,\"valueName\":\"search_term_string\"}}],\"inLanguage\":\"de\"},{\"@type\":\"Organization\",\"@id\":\"https:\\\/\\\/wurmloch.space\\\/#organization\",\"name\":\"Wurmloch Festival\",\"url\":\"https:\\\/\\\/wurmloch.space\\\/\",\"logo\":{\"@type\":\"ImageObject\",\"inLanguage\":\"de\",\"@id\":\"https:\\\/\\\/wurmloch.space\\\/#\\\/schema\\\/logo\\\/image\\\/\",\"url\":\"https:\\\/\\\/wurmloch.space\\\/wp-content\\\/uploads\\\/2025\\\/12\\\/Wurmloch-Logo-glatte-Konturen-rgb.png\",\"contentUrl\":\"https:\\\/\\\/wurmloch.space\\\/wp-content\\\/uploads\\\/2025\\\/12\\\/Wurmloch-Logo-glatte-Konturen-rgb.png\",\"width\":1910,\"height\":474,\"caption\":\"Wurmloch Festival\"},\"image\":{\"@id\":\"https:\\\/\\\/wurmloch.space\\\/#\\\/schema\\\/logo\\\/image\\\/\"},\"sameAs\":[\"https:\\\/\\\/www.instagram.com\\\/wurmlochfestival\\\/\"]}]}<\/script>\n<!-- \/ Yoast SEO plugin. -->","yoast_head_json":{"title":"Quiet Girl - Wurmloch","description":"Quiet Girl aus L\u00fcbeck sind alles andere als leise und bringen in diesem Jahr die Alpakawiese beim Wurmloch Festival zum gl\u00fchen!","robots":{"index":"index","follow":"follow","max-snippet":"max-snippet:-1","max-image-preview":"max-image-preview:large","max-video-preview":"max-video-preview:-1"},"canonical":"https:\/\/wurmloch.space\/index.php\/quiet-girl\/","og_locale":"de_DE","og_type":"article","og_title":"Quiet Girl - Wurmloch","og_description":"Quiet Girl aus L\u00fcbeck sind alles andere als leise und bringen in diesem Jahr die Alpakawiese beim Wurmloch Festival zum gl\u00fchen!","og_url":"https:\/\/wurmloch.space\/index.php\/quiet-girl\/","og_site_name":"Wurmloch","article_modified_time":"2026-02-23T09:38:45+00:00","og_image":[{"width":780,"height":540,"url":"https:\/\/wurmloch.space\/wp-content\/uploads\/2025\/12\/Quiet-GirlLogo-Lineup-2026.jpg","type":"image\/jpeg"}],"twitter_card":"summary_large_image","twitter_misc":{"Gesch\u00e4tzte Lesezeit":"1\u00a0Minute"},"schema":{"@context":"https:\/\/schema.org","@graph":[{"@type":"WebPage","@id":"https:\/\/wurmloch.space\/index.php\/quiet-girl\/","url":"https:\/\/wurmloch.space\/index.php\/quiet-girl\/","name":"Quiet Girl - Wurmloch","isPartOf":{"@id":"https:\/\/wurmloch.space\/#website"},"primaryImageOfPage":{"@id":"https:\/\/wurmloch.space\/index.php\/quiet-girl\/#primaryimage"},"image":{"@id":"https:\/\/wurmloch.space\/index.php\/quiet-girl\/#primaryimage"},"thumbnailUrl":"https:\/\/wurmloch.space\/wp-content\/uploads\/2025\/12\/Quiet-GirlLogo-Lineup-2026.jpg","datePublished":"2026-02-23T09:25:37+00:00","dateModified":"2026-02-23T09:38:45+00:00","description":"Quiet Girl aus L\u00fcbeck sind alles andere als leise und bringen in diesem Jahr die Alpakawiese beim Wurmloch Festival zum gl\u00fchen!","breadcrumb":{"@id":"https:\/\/wurmloch.space\/index.php\/quiet-girl\/#breadcrumb"},"inLanguage":"de","potentialAction":[{"@type":"ReadAction","target":["https:\/\/wurmloch.space\/index.php\/quiet-girl\/"]}]},{"@type":"ImageObject","inLanguage":"de","@id":"https:\/\/wurmloch.space\/index.php\/quiet-girl\/#primaryimage","url":"https:\/\/wurmloch.space\/wp-content\/uploads\/2025\/12\/Quiet-GirlLogo-Lineup-2026.jpg","contentUrl":"https:\/\/wurmloch.space\/wp-content\/uploads\/2025\/12\/Quiet-GirlLogo-Lineup-2026.jpg","width":780,"height":540,"caption":"Quiet Girl+Logo-Lineup 2026"},{"@type":"BreadcrumbList","@id":"https:\/\/wurmloch.space\/index.php\/quiet-girl\/#breadcrumb","itemListElement":[{"@type":"ListItem","position":1,"name":"Startseite","item":"https:\/\/wurmloch.space\/"},{"@type":"ListItem","position":2,"name":"Quiet Girl"}]},{"@type":"WebSite","@id":"https:\/\/wurmloch.space\/#website","url":"https:\/\/wurmloch.space\/","name":"Wurmloch Festival","description":"","publisher":{"@id":"https:\/\/wurmloch.space\/#organization"},"alternateName":"Wurmloch Festival in Dithmarschen","potentialAction":[{"@type":"SearchAction","target":{"@type":"EntryPoint","urlTemplate":"https:\/\/wurmloch.space\/?s={search_term_string}"},"query-input":{"@type":"PropertyValueSpecification","valueRequired":true,"valueName":"search_term_string"}}],"inLanguage":"de"},{"@type":"Organization","@id":"https:\/\/wurmloch.space\/#organization","name":"Wurmloch Festival","url":"https:\/\/wurmloch.space\/","logo":{"@type":"ImageObject","inLanguage":"de","@id":"https:\/\/wurmloch.space\/#\/schema\/logo\/image\/","url":"https:\/\/wurmloch.space\/wp-content\/uploads\/2025\/12\/Wurmloch-Logo-glatte-Konturen-rgb.png","contentUrl":"https:\/\/wurmloch.space\/wp-content\/uploads\/2025\/12\/Wurmloch-Logo-glatte-Konturen-rgb.png","width":1910,"height":474,"caption":"Wurmloch Festival"},"image":{"@id":"https:\/\/wurmloch.space\/#\/schema\/logo\/image\/"},"sameAs":["https:\/\/www.instagram.com\/wurmlochfestival\/"]}]}},"rttpg_featured_image_url":{"full":["https:\/\/wurmloch.space\/wp-content\/uploads\/2025\/12\/Quiet-GirlLogo-Lineup-2026.jpg",780,540,false],"landscape":["https:\/\/wurmloch.space\/wp-content\/uploads\/2025\/12\/Quiet-GirlLogo-Lineup-2026.jpg",780,540,false],"portraits":["https:\/\/wurmloch.space\/wp-content\/uploads\/2025\/12\/Quiet-GirlLogo-Lineup-2026.jpg",780,540,false],"thumbnail":["https:\/\/wurmloch.space\/wp-content\/uploads\/2025\/12\/Quiet-GirlLogo-Lineup-2026-150x150.jpg",150,150,true],"medium":["https:\/\/wurmloch.space\/wp-content\/uploads\/2025\/12\/Quiet-GirlLogo-Lineup-2026-300x208.jpg",300,208,true],"large":["https:\/\/wurmloch.space\/wp-content\/uploads\/2025\/12\/Quiet-GirlLogo-Lineup-2026.jpg",780,540,false],"1536x1536":["https:\/\/wurmloch.space\/wp-content\/uploads\/2025\/12\/Quiet-GirlLogo-Lineup-2026.jpg",780,540,false],"2048x2048":["https:\/\/wurmloch.space\/wp-content\/uploads\/2025\/12\/Quiet-GirlLogo-Lineup-2026.jpg",780,540,false],"vp_sm":["https:\/\/wurmloch.space\/wp-content\/uploads\/2025\/12\/Quiet-GirlLogo-Lineup-2026.jpg",500,346,false],"vp_md":["https:\/\/wurmloch.space\/wp-content\/uploads\/2025\/12\/Quiet-GirlLogo-Lineup-2026.jpg",780,540,false],"vp_lg":["https:\/\/wurmloch.space\/wp-content\/uploads\/2025\/12\/Quiet-GirlLogo-Lineup-2026.jpg",780,540,false],"vp_xl":["https:\/\/wurmloch.space\/wp-content\/uploads\/2025\/12\/Quiet-GirlLogo-Lineup-2026.jpg",780,540,false],"vp_sm_popup":["https:\/\/wurmloch.space\/wp-content\/uploads\/2025\/12\/Quiet-GirlLogo-Lineup-2026.jpg",500,346,false],"vp_md_popup":["https:\/\/wurmloch.space\/wp-content\/uploads\/2025\/12\/Quiet-GirlLogo-Lineup-2026.jpg",780,540,false],"vp_xl_popup":["https:\/\/wurmloch.space\/wp-content\/uploads\/2025\/12\/Quiet-GirlLogo-Lineup-2026.jpg",780,540,false]},"rttpg_author":{"display_name":"admin","author_link":"https:\/\/wurmloch.space\/index.php\/author\/admin\/"},"rttpg_comment":0,"rttpg_category":null,"rttpg_excerpt":"QUIET GIRL Quiet Girl aus L\u00fcbeck sind alles andere als leise &#8211; wie sie schon bei der Kieler Woche eindrucksvoll bewiesen haben. Die energiegeladene Band l\u00e4sst sich dabei von Vorurteilen und Stereotypen nicht einsch\u00fcchtern und m\u00f6chte mit ihrer Musik junge Frauen inspirieren, f\u00fcr ihre Tr\u00e4ume zu k\u00e4mpfen. Lasst uns auf der Alpakawiese zusammen rocken und&hellip;","_links":{"self":[{"href":"https:\/\/wurmloch.space\/index.php\/wp-json\/wp\/v2\/pages\/381","targetHints":{"allow":["GET"]}}],"collection":[{"href":"https:\/\/wurmloch.space\/index.php\/wp-json\/wp\/v2\/pages"}],"about":[{"href":"https:\/\/wurmloch.space\/index.php\/wp-json\/wp\/v2\/types\/page"}],"author":[{"embeddable":true,"href":"https:\/\/wurmloch.space\/index.php\/wp-json\/wp\/v2\/users\/1"}],"replies":[{"embeddable":true,"href":"https:\/\/wurmloch.space\/index.php\/wp-json\/wp\/v2\/comments?post=381"}],"version-history":[{"count":9,"href":"https:\/\/wurmloch.space\/index.php\/wp-json\/wp\/v2\/pages\/381\/revisions"}],"predecessor-version":[{"id":403,"href":"https:\/\/wurmloch.space\/index.php\/wp-json\/wp\/v2\/pages\/381\/revisions\/403"}],"wp:featuredmedia":[{"embeddable":true,"href":"https:\/\/wurmloch.space\/index.php\/wp-json\/wp\/v2\/media\/65"}],"wp:attachment":[{"href":"https:\/\/wurmloch.space\/index.php\/wp-json\/wp\/v2\/media?parent=381"}],"curies":[{"name":"wp","href":"https:\/\/api.w.org\/{rel}","templated":true}]}}