{"id":186,"date":"2025-12-15T08:01:06","date_gmt":"2025-12-15T08:01:06","guid":{"rendered":"https:\/\/wurmloch.space\/?page_id=186"},"modified":"2026-03-03T16:45:26","modified_gmt":"2026-03-03T16:45:26","slug":"datenschutz","status":"publish","type":"page","link":"https:\/\/wurmloch.space\/index.php\/datenschutz\/","title":{"rendered":"Datenschutz"},"content":{"rendered":"\n<p>Die Betreiber dieser Seiten nehmen den Schutz Ihrer pers\u00f6nlichen Daten sehr ernst. Wir behandeln Ihre personenbezogenen Daten vertraulich und entsprechend der gesetzlichen Datenschutzvorschriften sowie dieser Datenschutzerkl\u00e4rung.<br><br>Die Nutzung unserer Webseite ist in der Regel ohne Angabe personenbezogener Daten m\u00f6glich. Soweit auf unseren Seiten personenbezogene Daten (beispielsweise Name, Anschrift oder E-Mail-Adressen) erhoben werden, erfolgt dies, soweit m\u00f6glich, stets auf freiwilliger Basis. Diese Daten werden ohne Ihre ausdr\u00fcckliche Zustimmung nicht an Dritte weitergegeben.<br><br>Wir weisen darauf hin, dass die Daten\u00fcbertragung im Internet (z.B. bei der Kommunikation per E-Mail) Sicherheitsl\u00fccken aufweisen kann. Ein l\u00fcckenloser Schutz der Daten vor dem Zugriff durch Dritte ist nicht m\u00f6glich.<br><br><br><strong>Cookies <\/strong><strong><br><\/strong>Die Internetseiten verwenden teilweise sogenannte Cookies. Cookies richten auf Ihrem Rechner keinen Schaden an und enthalten keine Viren. Cookies dienen dazu, unser Angebot nutzerfreundlicher, effektiver und sicherer zu machen. Cookies sind kleine Textdateien, die auf Ihrem Rechner abgelegt werden und die Ihr Browser speichert.<br><br>Die meisten der von uns verwendeten Cookies sind sogenannte \u201eSession-Cookies\u201c. Sie werden nach Ende Ihres Besuchs automatisch gel\u00f6scht. Andere Cookies bleiben auf Ihrem Endger\u00e4t gespeichert, bis Sie diese l\u00f6schen. Diese Cookies erm\u00f6glichen es uns, Ihren Browser beim n\u00e4chsten Besuch wiederzuerkennen.<br><br>Sie k\u00f6nnen Ihren Browser so einstellen, dass Sie \u00fcber das Setzen von Cookies informiert werden und Cookies nur im Einzelfall erlauben, die Annahme von Cookies f\u00fcr bestimmte F\u00e4lle oder generell ausschlie\u00dfen sowie das automatische L\u00f6schen der Cookies beim Schlie\u00dfen des Browsers aktivieren. Bei der Deaktivierung von Cookies kann die Funktionalit\u00e4t dieser Webseite eingeschr\u00e4nkt sein.<br><br><br><strong>Server-Log-Files<\/strong><strong><br><\/strong>Der Provider der Seiten erhebt und speichert automatisch Informationen in sogenannten Server-Log Files, die Ihr Browser automatisch an uns \u00fcbermittelt. Dies sind:<\/p>\n\n\n\n<p>\u2022 Browsertyp und Browserversion<br>\u2022 verwendetes Betriebssystem<br>\u2022 Referrer URL<br>\u2022 Hostname des zugreifenden Rechners<br>\u2022 Uhrzeit der Serveranfrage<\/p>\n\n\n\n<p>Diese Daten sind nicht bestimmten Personen zuzuordnen. Eine Zusammenf\u00fchrung dieser Daten mit anderen Datenquellen wird nicht vorgenommen. Wir behalten uns vor, diese Daten nachtr\u00e4glich zu pr\u00fcfen, wenn uns konkrete Anhaltspunkte f\u00fcr eine rechtswidrige Nutzung bekannt werden.<br><\/p>\n\n\n\n<p><strong>Analyse-Tools und Tracking<\/strong><strong><br><\/strong>Derzeit verwenden wir einen einfachen Klickz\u00e4hler, um die Anzahl der Besuche auf unserer Website zu ermitteln. Zuk\u00fcnftig k\u00f6nnten wir Tools zur Analyse des Nutzerverhaltens (z.\u202fB. Google Analytics) einsetzen, wof\u00fcr wir Ihre ausdr\u00fcckliche Zustimmung einholen werden, wenn dies erforderlich ist.<\/p>\n\n\n\n<p><br><strong>Kontaktformular<\/strong><strong><br><\/strong>Wenn Sie uns per Kontaktformular Anfragen zukommen lassen, werden Ihre Angaben aus dem Anfrageformular inklusive der von Ihnen angegebenen Kontaktdaten zwecks Bearbeitung der Anfrage und f\u00fcr den Fall von Anschlussfragen bei uns gespeichert. Diese Daten geben wir nicht ohne Ihre Einwilligung weiter.<br><br><br><strong>Newsletterdaten<\/strong><strong><br><\/strong>Wenn Sie den auf der Webseite angebotenen Newsletter beziehen m\u00f6chten, ben\u00f6tigen wir von Ihnen eine E-Mail-Adresse sowie Informationen, welche uns die \u00dcberpr\u00fcfung gestatten, dass Sie der:die Inhaber:in der angegebenen E-Mail-Adresse sind und mit dem Empfang des Newsletters einverstanden sind. Weitere Daten werden nicht erhoben. Diese Daten verwenden wir ausschlie\u00dflich f\u00fcr den Versand der angeforderten Informationen und geben sie nicht an Dritte weiter.<br><br>Die erteilte Einwilligung zur Speicherung der Daten, der E-Mail-Adresse sowie deren Nutzung zum Versand des Newsletters k\u00f6nnen Sie jederzeit widerrufen, etwa \u00fcber den \u201cAustragen\u201d-Link im Newsletter.<\/p>\n\n\n\n<p><strong>Infield.live<\/strong><br>Wir bieten Ihnen die M\u00f6glichkeit, Eintrittskarten f\u00fcr das Wurmloch Festival \u00fcber Infield.live zu kaufen. In diesem Fall werden Ihre Daten durch den Anbieter verarbeitet. Weitere Informationen finden Sie in der Datenschutzerkl\u00e4rung von [Infield.live]: <a href=\"https:\/\/infield.live\/datenschutz\/\">https:\/\/infield.live\/datenschutz\/<\/a><\/p>\n\n\n\n<p><br><br><strong>Facebook-Plugins (Like-Button)<\/strong><strong><br><\/strong>Auf unseren Seiten sind Plugins des sozialen Netzwerks Facebook, Anbieter Facebook Inc., 1 Hacker Way, Menlo Park, California 94025, USA, integriert. Die Facebook-Plugins erkennen Sie an dem Facebook-Logo oder dem \u201cLike-Button\u201d (\u201cGef\u00e4llt mir\u201d) auf unserer Seite. Eine \u00dcbersicht \u00fcber die Facebook-Plugins finden Sie hier:<a href=\"https:\/\/developers.facebook.com\/docs\/plugins\/\"> https:\/\/developers.facebook.co&#8230;<\/a> Sie unsere Seiten besuchen, wird \u00fcber das Plugin eine direkte Verbindung zwischen Ihrem Browser und dem Facebook-Server hergestellt. Facebook erh\u00e4lt dadurch die Information, dass Sie mit Ihrer IP-Adresse unsere Seite besucht haben. Wenn Sie den Facebook \u201cLike-Button\u201d anklicken w\u00e4hrend Sie in Ihrem Facebook-Account eingeloggt sind, k\u00f6nnen Sie die Inhalte unserer Seiten auf Ihrem Facebook-Profil verlinken. Dadurch kann Facebook den Besuch unserer Seiten Ihrem Benutzerkonto zuordnen. Wir weisen darauf hin, dass wir als Anbieter der Seiten keine Kenntnis vom Inhalt der \u00fcbermittelten Daten sowie deren Nutzung durch Facebook erhalten. Weitere Informationen hierzu finden Sie in der Datenschutzerkl\u00e4rung von Facebook unter<a href=\"https:\/\/de-de.facebook.com\/policy.php\"> https:\/\/de-de.facebook.com\/policy.php<\/a>.<\/p>\n\n\n\n<p>Wenn Sie nicht w\u00fcnschen, dass Facebook den Besuch unserer Seiten Ihrem Facebook-Nutzerkonto zuordnen kann, loggen Sie sich bitte aus Ihrem Facebook-Benutzerkonto aus.<br><br><br><strong>Instagram<\/strong><strong><br><\/strong>Auf unseren Seiten sind Funktionen des Dienstes Instagram eingebunden. Diese Funktionen werden angeboten durch die Instagram Inc., 1601 Willow Road, Menlo Park, CA, 94025, USA integriert. Wenn Sie in Ihrem Instagram-Account eingeloggt sind, k\u00f6nnen Sie durch Anklicken des Instagram-Buttons die Inhalte unserer Seiten mit Ihrem Instagram-Profil verlinken. Dadurch kann Instagram den Besuch unserer Seiten Ihrem Benutzerkonto zuordnen. Wir weisen darauf hin, dass wir als Anbieter der Seiten keine Kenntnis vom Inhalt der \u00fcbermittelten Daten sowie deren Nutzung durch Instagram erhalten.<\/p>\n\n\n\n<p>Weitere Informationen hierzu finden Sie in der Datenschutzerkl\u00e4rung von Instagram:<a href=\"https:\/\/instagram.com\/about\/legal\/privacy\/\"> https:\/\/instagram.com\/about\/legal\/privacy\/<br><br><br><\/a><strong>SoundCloud<\/strong><strong><br><\/strong>Auf unseren Seiten k\u00f6nnen Plugins des sozialen Netzwerks SoundCloud (SoundCloud Limited, Berners House, 47-48 Berners Street, London W1T 3NF, Gro\u00dfbritannien.) integriert sein. Die SoundCloud-Plugins erkennen Sie an dem SoundCloud-Logo auf den betroffenen Seiten.<\/p>\n\n\n\n<p>Wenn Sie unsere Seiten besuchen, wird nach Aktivierung des Plugins eine direkte Verbindung zwischen Ihrem Browser und dem SoundCloud-Server hergestellt. SoundCloud erh\u00e4lt dadurch die Information, dass Sie mit Ihrer IP-Adresse unsere Seite besucht haben. Wenn Sie den \u201cLike-Button\u201d oder \u201cShare-Button\u201d anklicken, w\u00e4hrend Sie in Ihrem SoundCloud- Benutzerkonto eingeloggt sind, k\u00f6nnen Sie die Inhalte unserer Seiten mit Ihrem SoundCloud-Profil verlinken und\/oder teilen. Dadurch kann SoundCloud Ihrem Benutzerkonto den Besuch unserer Seiten zuordnen. Wir weisen darauf hin, dass wir als Anbieter der Seiten keine Kenntnis vom Inhalt der \u00fcbermittelten Daten sowie deren Nutzung durch SoundCloud erhalten. Weitere Informationen hierzu finden Sie in der Datenschutzerkl\u00e4rung von SoundCloud unter:<a href=\"https:\/\/soundcloud.com\/pages\/privacy\"> https:\/\/soundcloud.com\/pages\/privacy<\/a><\/p>\n\n\n\n<p>Wenn Sie nicht w\u00fcnschen, dass Soundcloud den Besuch unserer Seiten Ihrem SoundCloud-Benutzerkonto zuordnet, loggen Sie sich bitte aus Ihrem SoundCloud-Benutzerkonto aus, bevor Sie Inhalte des SoundCloud-Plugins aktivieren.<br><br><br><strong>Spotify<\/strong><strong><br><\/strong>Auf unseren Seiten sind Funktionen des Musik-Dienstes Spotify eingebunden. Anbieter ist die Spotify AB, Birger Jarlsgatan 61, 113 56 Stockholm in Schweden. Die Spotify PlugIns erkennen Sie an dem gr\u00fcnen Logo auf unserer Seite. Eine \u00dcbersicht \u00fcber die Spotify-PlugIns finden Sie unter<a href=\"https:\/\/developer.spotify.com\/\"> https:\/\/developer.spotify.com<\/a><\/p>\n\n\n\n<p>Dadurch kann beim Besuch unserer Seiten \u00fcber das Plugin eine direkte Verbindung zwischen Ihrem Browser und dem Spotify-Server hergestellt werden. Spotify erh\u00e4lt dadurch die Information, dass Sie mit Ihrer IP-Adresse unsere Seite besucht haben. Wenn Sie den Spotify Button anklicken, w\u00e4hrend Sie in Ihrem Spotify-Account eingeloggt sind, k\u00f6nnen Sie die Inhalte unserer Seiten auf Ihrem Spotify Profil verlinken. Dadurch kann Spotify den Besuch unserer Seiten Ihrem Benutzerkonto zuordnen.<\/p>\n\n\n\n<p>Weitere Informationen hierzu finden Sie in der Datenschutzerkl\u00e4rung von Spotify:<a href=\"https:\/\/www.spotify.com\/de\/legal\/privacy-policy\/\"> https:\/\/www.spotify.com\/de\/legal\/privacy-policy\/<\/a><\/p>\n\n\n\n<p>Wenn Sie nicht w\u00fcnschen, dass Spotify den Besuch unserer Seiten Ihrem Spotify-Nutzerkonto zuordnen kann, loggen Sie sich bitte aus Ihrem Spotify-Benutzerkonto aus.<br><br><br><strong>YouTube<\/strong><strong><br><\/strong>Unsere Webseite nutzt Plugins der von Google betriebenen Seite YouTube. Betreiber der Seiten ist die YouTube, LLC, 901 Cherry Ave., San Bruno, CA 94066, USA. Wenn Sie eine unserer mit einem YouTubePlugin ausgestatteten Seiten besuchen, wird eine Verbindung zu den Servern von YouTube hergestellt. Dabei wird dem Youtube-Server mitgeteilt, welche unserer Seiten Sie besucht haben.<br><br>Wenn Sie in Ihrem YouTube-Account eingeloggt sind, erm\u00f6glichen Sie YouTube, Ihr Surfverhalten direkt Ihrem pers\u00f6nlichen Profil zuzuordnen. Dies k\u00f6nnen Sie verhindern, indem Sie sich aus Ihrem YouTube-Account ausloggen.<br><br>Weitere Informationen zum Umgang von Nutzerdaten finden Sie in der Datenschutzerkl\u00e4rung von YouTube unter:<a href=\"https:\/\/www.google.de\/intl\/de\/policies\/privacy\"> https:\/\/www.google.de\/intl\/de\/&#8230;<br><br><br><\/a><strong>SSL-Verschl\u00fcsselung<\/strong><strong><br><\/strong>Diese Seite nutzt aus Gr\u00fcnden der Sicherheit und zum Schutz der \u00dcbertragung vertraulicher Inhalte, wie zum Beispiel Ihrer Anfragen eine SSL-Verschl\u00fcsselung. Eine verschl\u00fcsselte Verbindung erkennen Sie daran, dass die Adresszeile des Browsers von \u201chttp:\/\/\u201d auf \u201chttps:\/\/\u201d wechselt und an dem Schloss-Symbol in Ihrer Browserzeile.<\/p>\n\n\n\n<p>Wenn die SSL Verschl\u00fcsselung aktiviert ist, k\u00f6nnen die Daten, die Sie an uns \u00fcbermitteln, nicht von Dritten mitgelesen werden.<br><br><br><strong>Recht auf Auskunft, L\u00f6schung, Sperrung<\/strong><strong><br><\/strong>Sie haben jederzeit das Recht auf unentgeltliche Auskunft \u00fcber Ihre gespeicherten personenbezogenen Daten, deren Herkunft und Empf\u00e4nger und den Zweck der Datenverarbeitung sowie ein Recht auf Berichtigung, Sperrung oder L\u00f6schung dieser Daten. Hierzu sowie zu weiteren Fragen zum Thema personenbezogene Daten k\u00f6nnen Sie sich jederzeit unter der im Impressum angegebenen Adresse an uns wenden.<\/p>\n\n\n\n<p><strong><br><\/strong><strong>\u00c4nderungen dieser Datenschutzerkl\u00e4rung<\/strong><strong><br><\/strong>Wir behalten uns vor, diese Datenschutzerkl\u00e4rung von Zeit zu Zeit anzupassen. \u00c4nderungen werden auf dieser Seite ver\u00f6ffentlicht. Bitte schauen Sie regelm\u00e4\u00dfig vorbei, um sich \u00fcber den aktuellen Stand zu informieren.<\/p>\n","protected":false},"excerpt":{"rendered":"<p>Die Betreiber dieser Seiten nehmen den Schutz Ihrer pers\u00f6nlichen Daten sehr ernst. Wir behandeln Ihre personenbezogenen Daten vertraulich und entsprechend der gesetzlichen Datenschutzvorschriften sowie dieser Datenschutzerkl\u00e4rung. Die Nutzung unserer Webseite ist in der Regel ohne Angabe personenbezogener Daten m\u00f6glich. Soweit auf unseren Seiten personenbezogene Daten (beispielsweise Name, Anschrift oder E-Mail-Adressen) erhoben werden, erfolgt dies, soweit [&hellip;]<\/p>\n","protected":false},"author":3,"featured_media":0,"parent":0,"menu_order":0,"comment_status":"closed","ping_status":"closed","template":"anderer-header","meta":{"_vp_format_video_url":"","_vp_image_focal_point":[],"footnotes":""},"class_list":["post-186","page","type-page","status-publish","hentry"],"yoast_head":"<!-- This site is optimized with the Yoast SEO plugin v27.4 - https:\/\/yoast.com\/product\/yoast-seo-wordpress\/ -->\n<title>Datenschutz - Wurmloch<\/title>\n<meta name=\"robots\" content=\"index, follow, max-snippet:-1, max-image-preview:large, max-video-preview:-1\" \/>\n<link rel=\"canonical\" href=\"https:\/\/wurmloch.space\/index.php\/datenschutz\/\" \/>\n<meta property=\"og:locale\" content=\"de_DE\" \/>\n<meta property=\"og:type\" content=\"article\" \/>\n<meta property=\"og:title\" content=\"Datenschutz - Wurmloch\" \/>\n<meta property=\"og:description\" content=\"Die Betreiber dieser Seiten nehmen den Schutz Ihrer pers\u00f6nlichen Daten sehr ernst. Wir behandeln Ihre personenbezogenen Daten vertraulich und entsprechend der gesetzlichen Datenschutzvorschriften sowie dieser Datenschutzerkl\u00e4rung. Die Nutzung unserer Webseite ist in der Regel ohne Angabe personenbezogener Daten m\u00f6glich. Soweit auf unseren Seiten personenbezogene Daten (beispielsweise Name, Anschrift oder E-Mail-Adressen) erhoben werden, erfolgt dies, soweit [&hellip;]\" \/>\n<meta property=\"og:url\" content=\"https:\/\/wurmloch.space\/index.php\/datenschutz\/\" \/>\n<meta property=\"og:site_name\" content=\"Wurmloch\" \/>\n<meta property=\"article:modified_time\" content=\"2026-03-03T16:45:26+00:00\" \/>\n<meta property=\"og:image\" content=\"https:\/\/wurmloch.space\/wp-content\/uploads\/2025\/12\/Wurmloch-Logo-glatte-Konturen-rgb.png\" \/>\n\t<meta property=\"og:image:width\" content=\"1910\" \/>\n\t<meta property=\"og:image:height\" content=\"474\" \/>\n\t<meta property=\"og:image:type\" content=\"image\/png\" \/>\n<meta name=\"twitter:card\" content=\"summary_large_image\" \/>\n<meta name=\"twitter:label1\" content=\"Gesch\u00e4tzte Lesezeit\" \/>\n\t<meta name=\"twitter:data1\" content=\"8\u00a0Minuten\" \/>\n<script type=\"application\/ld+json\" class=\"yoast-schema-graph\">{\"@context\":\"https:\\\/\\\/schema.org\",\"@graph\":[{\"@type\":\"WebPage\",\"@id\":\"https:\\\/\\\/wurmloch.space\\\/index.php\\\/datenschutz\\\/\",\"url\":\"https:\\\/\\\/wurmloch.space\\\/index.php\\\/datenschutz\\\/\",\"name\":\"Datenschutz - Wurmloch\",\"isPartOf\":{\"@id\":\"https:\\\/\\\/wurmloch.space\\\/#website\"},\"datePublished\":\"2025-12-15T08:01:06+00:00\",\"dateModified\":\"2026-03-03T16:45:26+00:00\",\"breadcrumb\":{\"@id\":\"https:\\\/\\\/wurmloch.space\\\/index.php\\\/datenschutz\\\/#breadcrumb\"},\"inLanguage\":\"de\",\"potentialAction\":[{\"@type\":\"ReadAction\",\"target\":[\"https:\\\/\\\/wurmloch.space\\\/index.php\\\/datenschutz\\\/\"]}]},{\"@type\":\"BreadcrumbList\",\"@id\":\"https:\\\/\\\/wurmloch.space\\\/index.php\\\/datenschutz\\\/#breadcrumb\",\"itemListElement\":[{\"@type\":\"ListItem\",\"position\":1,\"name\":\"Startseite\",\"item\":\"https:\\\/\\\/wurmloch.space\\\/\"},{\"@type\":\"ListItem\",\"position\":2,\"name\":\"Datenschutz\"}]},{\"@type\":\"WebSite\",\"@id\":\"https:\\\/\\\/wurmloch.space\\\/#website\",\"url\":\"https:\\\/\\\/wurmloch.space\\\/\",\"name\":\"Wurmloch Festival\",\"description\":\"\",\"publisher\":{\"@id\":\"https:\\\/\\\/wurmloch.space\\\/#organization\"},\"alternateName\":\"Wurmloch Festival in Dithmarschen\",\"potentialAction\":[{\"@type\":\"SearchAction\",\"target\":{\"@type\":\"EntryPoint\",\"urlTemplate\":\"https:\\\/\\\/wurmloch.space\\\/?s={search_term_string}\"},\"query-input\":{\"@type\":\"PropertyValueSpecification\",\"valueRequired\":true,\"valueName\":\"search_term_string\"}}],\"inLanguage\":\"de\"},{\"@type\":\"Organization\",\"@id\":\"https:\\\/\\\/wurmloch.space\\\/#organization\",\"name\":\"Wurmloch Festival\",\"url\":\"https:\\\/\\\/wurmloch.space\\\/\",\"logo\":{\"@type\":\"ImageObject\",\"inLanguage\":\"de\",\"@id\":\"https:\\\/\\\/wurmloch.space\\\/#\\\/schema\\\/logo\\\/image\\\/\",\"url\":\"https:\\\/\\\/wurmloch.space\\\/wp-content\\\/uploads\\\/2025\\\/12\\\/Wurmloch-Logo-glatte-Konturen-rgb.png\",\"contentUrl\":\"https:\\\/\\\/wurmloch.space\\\/wp-content\\\/uploads\\\/2025\\\/12\\\/Wurmloch-Logo-glatte-Konturen-rgb.png\",\"width\":1910,\"height\":474,\"caption\":\"Wurmloch Festival\"},\"image\":{\"@id\":\"https:\\\/\\\/wurmloch.space\\\/#\\\/schema\\\/logo\\\/image\\\/\"},\"sameAs\":[\"https:\\\/\\\/www.instagram.com\\\/wurmlochfestival\\\/\"]}]}<\/script>\n<!-- \/ Yoast SEO plugin. -->","yoast_head_json":{"title":"Datenschutz - Wurmloch","robots":{"index":"index","follow":"follow","max-snippet":"max-snippet:-1","max-image-preview":"max-image-preview:large","max-video-preview":"max-video-preview:-1"},"canonical":"https:\/\/wurmloch.space\/index.php\/datenschutz\/","og_locale":"de_DE","og_type":"article","og_title":"Datenschutz - Wurmloch","og_description":"Die Betreiber dieser Seiten nehmen den Schutz Ihrer pers\u00f6nlichen Daten sehr ernst. Wir behandeln Ihre personenbezogenen Daten vertraulich und entsprechend der gesetzlichen Datenschutzvorschriften sowie dieser Datenschutzerkl\u00e4rung. Die Nutzung unserer Webseite ist in der Regel ohne Angabe personenbezogener Daten m\u00f6glich. Soweit auf unseren Seiten personenbezogene Daten (beispielsweise Name, Anschrift oder E-Mail-Adressen) erhoben werden, erfolgt dies, soweit [&hellip;]","og_url":"https:\/\/wurmloch.space\/index.php\/datenschutz\/","og_site_name":"Wurmloch","article_modified_time":"2026-03-03T16:45:26+00:00","og_image":[{"width":1910,"height":474,"url":"https:\/\/wurmloch.space\/wp-content\/uploads\/2025\/12\/Wurmloch-Logo-glatte-Konturen-rgb.png","type":"image\/png"}],"twitter_card":"summary_large_image","twitter_misc":{"Gesch\u00e4tzte Lesezeit":"8\u00a0Minuten"},"schema":{"@context":"https:\/\/schema.org","@graph":[{"@type":"WebPage","@id":"https:\/\/wurmloch.space\/index.php\/datenschutz\/","url":"https:\/\/wurmloch.space\/index.php\/datenschutz\/","name":"Datenschutz - Wurmloch","isPartOf":{"@id":"https:\/\/wurmloch.space\/#website"},"datePublished":"2025-12-15T08:01:06+00:00","dateModified":"2026-03-03T16:45:26+00:00","breadcrumb":{"@id":"https:\/\/wurmloch.space\/index.php\/datenschutz\/#breadcrumb"},"inLanguage":"de","potentialAction":[{"@type":"ReadAction","target":["https:\/\/wurmloch.space\/index.php\/datenschutz\/"]}]},{"@type":"BreadcrumbList","@id":"https:\/\/wurmloch.space\/index.php\/datenschutz\/#breadcrumb","itemListElement":[{"@type":"ListItem","position":1,"name":"Startseite","item":"https:\/\/wurmloch.space\/"},{"@type":"ListItem","position":2,"name":"Datenschutz"}]},{"@type":"WebSite","@id":"https:\/\/wurmloch.space\/#website","url":"https:\/\/wurmloch.space\/","name":"Wurmloch Festival","description":"","publisher":{"@id":"https:\/\/wurmloch.space\/#organization"},"alternateName":"Wurmloch Festival in Dithmarschen","potentialAction":[{"@type":"SearchAction","target":{"@type":"EntryPoint","urlTemplate":"https:\/\/wurmloch.space\/?s={search_term_string}"},"query-input":{"@type":"PropertyValueSpecification","valueRequired":true,"valueName":"search_term_string"}}],"inLanguage":"de"},{"@type":"Organization","@id":"https:\/\/wurmloch.space\/#organization","name":"Wurmloch Festival","url":"https:\/\/wurmloch.space\/","logo":{"@type":"ImageObject","inLanguage":"de","@id":"https:\/\/wurmloch.space\/#\/schema\/logo\/image\/","url":"https:\/\/wurmloch.space\/wp-content\/uploads\/2025\/12\/Wurmloch-Logo-glatte-Konturen-rgb.png","contentUrl":"https:\/\/wurmloch.space\/wp-content\/uploads\/2025\/12\/Wurmloch-Logo-glatte-Konturen-rgb.png","width":1910,"height":474,"caption":"Wurmloch Festival"},"image":{"@id":"https:\/\/wurmloch.space\/#\/schema\/logo\/image\/"},"sameAs":["https:\/\/www.instagram.com\/wurmlochfestival\/"]}]}},"rttpg_featured_image_url":null,"rttpg_author":{"display_name":"Janni","author_link":"https:\/\/wurmloch.space\/index.php\/author\/janni\/"},"rttpg_comment":0,"rttpg_category":null,"rttpg_excerpt":"Die Betreiber dieser Seiten nehmen den Schutz Ihrer pers\u00f6nlichen Daten sehr ernst. Wir behandeln Ihre personenbezogenen Daten vertraulich und entsprechend der gesetzlichen Datenschutzvorschriften sowie dieser Datenschutzerkl\u00e4rung. Die Nutzung unserer Webseite ist in der Regel ohne Angabe personenbezogener Daten m\u00f6glich. Soweit auf unseren Seiten personenbezogene Daten (beispielsweise Name, Anschrift oder E-Mail-Adressen) erhoben werden, erfolgt dies, soweit&hellip;","_links":{"self":[{"href":"https:\/\/wurmloch.space\/index.php\/wp-json\/wp\/v2\/pages\/186","targetHints":{"allow":["GET"]}}],"collection":[{"href":"https:\/\/wurmloch.space\/index.php\/wp-json\/wp\/v2\/pages"}],"about":[{"href":"https:\/\/wurmloch.space\/index.php\/wp-json\/wp\/v2\/types\/page"}],"author":[{"embeddable":true,"href":"https:\/\/wurmloch.space\/index.php\/wp-json\/wp\/v2\/users\/3"}],"replies":[{"embeddable":true,"href":"https:\/\/wurmloch.space\/index.php\/wp-json\/wp\/v2\/comments?post=186"}],"version-history":[{"count":3,"href":"https:\/\/wurmloch.space\/index.php\/wp-json\/wp\/v2\/pages\/186\/revisions"}],"predecessor-version":[{"id":197,"href":"https:\/\/wurmloch.space\/index.php\/wp-json\/wp\/v2\/pages\/186\/revisions\/197"}],"wp:attachment":[{"href":"https:\/\/wurmloch.space\/index.php\/wp-json\/wp\/v2\/media?parent=186"}],"curies":[{"name":"wp","href":"https:\/\/api.w.org\/{rel}","templated":true}]}}